{"id":221,"date":"2025-01-24T00:16:02","date_gmt":"2025-01-23T23:16:02","guid":{"rendered":"https:\/\/www.objectifimage-95.fr\/?page_id=221"},"modified":"2025-03-06T14:25:35","modified_gmt":"2025-03-06T13:25:35","slug":"politique-de-confidentialite","status":"publish","type":"page","link":"https:\/\/www.objectifimage-95.fr\/index.php\/politique-de-confidentialite\/","title":{"rendered":"Politique de confidentialit\u00e9"},"content":{"rendered":"\t\t<div data-elementor-type=\"wp-page\" data-elementor-id=\"221\" class=\"elementor elementor-221\">\n\t\t\t\t<div class=\"elementor-element elementor-element-614814ff e-flex e-con-boxed e-con e-parent\" data-id=\"614814ff\" data-element_type=\"container\" data-e-type=\"container\">\n\t\t\t\t\t<div class=\"e-con-inner\">\n\t\t\t\t<div class=\"elementor-element elementor-element-14aa0aaa elementor-widget elementor-widget-text-editor\" data-id=\"14aa0aaa\" data-element_type=\"widget\" data-e-type=\"widget\" data-widget_type=\"text-editor.default\">\n\t\t\t\t<div class=\"elementor-widget-container\">\n\t\t\t\t\t\t\t\t\t<p style=\"font-weight: 400;\"><span style=\"color: #000000;\"><strong>Politique de Confidentialit\u00e9<\/strong><\/span><\/p>\n<ol>\n<li style=\"font-weight: 400;\"><span style=\"color: #000000;\"><strong> Collecte des Donn\u00e9es Personnelles<\/strong><\/span><\/li>\n<\/ol>\n<p style=\"font-weight: 400;\"><span style=\"color: #000000;\">Nous collectons certaines donn\u00e9es personnelles lors de :<\/span><\/p>\n<ul style=\"font-weight: 400;\">\n<li><span style=\"color: #000000;\">L&rsquo;inscription \u00e0 notre newsletter<\/span><\/li>\n<li><span style=\"color: #000000;\">L&rsquo;envoi de messages via notre formulaire de contact<\/span><\/li>\n<li><span style=\"color: #000000;\">L&rsquo;adh\u00e9sion au club<\/span><\/li>\n<\/ul>\n<p style=\"font-weight: 400;\"><span style=\"color: #000000;\">Les donn\u00e9es collect\u00e9es sont : nom, pr\u00e9nom, adresse e-mail, num\u00e9ro de t\u00e9l\u00e9phone, adresse postale en cas de passation de commande dans le cadre des spectacles (pour la vente de photos).<\/span><\/p>\n<ol start=\"2\">\n<li style=\"font-weight: 400;\"><span style=\"color: #000000;\"><strong> Utilisation des Donn\u00e9es<\/strong><\/span><\/li>\n<\/ol>\n<p style=\"font-weight: 400;\"><span style=\"color: #000000;\">Les informations collect\u00e9es sont utilis\u00e9es uniquement pour :<\/span><\/p>\n<ul style=\"font-weight: 400;\">\n<li><span style=\"color: #000000;\">Communiquer avec les membres du club<\/span><\/li>\n<li><span style=\"color: #000000;\">Envoyer des newsletters et des informations sur les activit\u00e9s du club<\/span><\/li>\n<li><span style=\"color: #000000;\">R\u00e9pondre aux demandes de contact<\/span><\/li>\n<li><span style=\"color: #000000;\">Commander des photos dans le cadre des spectacles<\/span><\/li>\n<\/ul>\n<p style=\"font-weight: 400;\"><span style=\"color: #000000;\">Nous ne vendons ni ne partageons vos donn\u00e9es avec des tiers.<\/span><\/p>\n<ol start=\"3\">\n<li style=\"font-weight: 400;\"><span style=\"color: #000000;\"><strong> Conservation des Donn\u00e9es<\/strong><\/span><\/li>\n<\/ol>\n<p style=\"font-weight: 400;\"><span style=\"color: #000000;\">Les donn\u00e9es personnelles sont conserv\u00e9es pour une dur\u00e9e ind\u00e9termin\u00e9e, sauf obligation l\u00e9gale contraire ou cas d\u00e9crit au point suivant N\u00b04.<\/span><\/p>\n<ol start=\"4\">\n<li style=\"font-weight: 400;\"><span style=\"color: #000000;\"><strong> Droits des Utilisateurs<\/strong><\/span><\/li>\n<\/ol>\n<p style=\"font-weight: 400;\"><span style=\"color: #000000;\">Conform\u00e9ment au R\u00e8glement G\u00e9n\u00e9ral sur la Protection des Donn\u00e9es (RGPD), vous disposez des droits suivants :<\/span><\/p>\n<ul style=\"font-weight: 400;\">\n<li><span style=\"color: #000000;\">Acc\u00e8s \u00e0 vos donn\u00e9es personnelles<\/span><\/li>\n<li><span style=\"color: #000000;\">Rectification de vos donn\u00e9es si elles sont inexactes<\/span><\/li>\n<li><span style=\"color: #000000;\">Suppression de vos donn\u00e9es sur simple demande<\/span><\/li>\n<li><span style=\"color: #000000;\">Opposition \u00e0 leur traitement<\/span><\/li>\n<\/ul>\n<p style=\"font-weight: 400;\"><span style=\"color: #000000;\">Pour exercer vos droits, contactez-nous \u00e0 l\u2019adresse suivante&nbsp;: objectifimage95@gmail.com<\/span><\/p>\n<ol start=\"5\">\n<li style=\"font-weight: 400;\"><span style=\"color: #000000;\"><strong> Cookies<\/strong><\/span><\/li>\n<\/ol>\n<p style=\"font-weight: 400;\"><span style=\"color: #000000;\">Notre site utilise des cookies pour am\u00e9liorer votre exp\u00e9rience utilisateur. Un bandeau d&rsquo;information ou une case \u00e0 cocher vous permet d&rsquo;accepter ou de refuser ces cookies lors de votre premi\u00e8re visite.<\/span><\/p>\n<ol start=\"6\">\n<li style=\"font-weight: 400;\"><span style=\"color: #000000;\"><strong> Contact<\/strong><\/span><\/li>\n<\/ol>\n<p style=\"font-weight: 400;\"><span style=\"color: #000000;\">Pour toute question relative \u00e0 notre politique de confidentialit\u00e9, vous pouvez nous contacter via le formulaire de contact.<\/span><\/p>\t\t\t\t\t\t\t\t<\/div>\n\t\t\t\t<\/div>\n\t\t\t\t\t<\/div>\n\t\t\t\t<\/div>\n\t\t\t\t<\/div>\n\t\t","protected":false},"excerpt":{"rendered":"<p>Politique de Confidentialit\u00e9 Collecte des Donn\u00e9es Personnelles Nous collectons certaines donn\u00e9es personnelles lors de : L&rsquo;inscription \u00e0 notre newsletter L&rsquo;envoi de messages via notre formulaire de contact L&rsquo;adh\u00e9sion au club Les donn\u00e9es collect\u00e9es sont : nom, pr\u00e9nom, adresse e-mail, num\u00e9ro de t\u00e9l\u00e9phone, adresse postale en cas de passation de commande dans le cadre des spectacles [&hellip;]<\/p>\n","protected":false},"author":1,"featured_media":0,"parent":0,"menu_order":0,"comment_status":"closed","ping_status":"closed","template":"","meta":{"ocean_post_layout":"","ocean_both_sidebars_style":"","ocean_both_sidebars_content_width":0,"ocean_both_sidebars_sidebars_width":0,"ocean_sidebar":"","ocean_second_sidebar":"","ocean_disable_margins":"enable","ocean_add_body_class":"","ocean_shortcode_before_top_bar":"","ocean_shortcode_after_top_bar":"","ocean_shortcode_before_header":"","ocean_shortcode_after_header":"","ocean_has_shortcode":"","ocean_shortcode_after_title":"","ocean_shortcode_before_footer_widgets":"","ocean_shortcode_after_footer_widgets":"","ocean_shortcode_before_footer_bottom":"","ocean_shortcode_after_footer_bottom":"","ocean_display_top_bar":"default","ocean_display_header":"default","ocean_header_style":"","ocean_center_header_left_menu":"","ocean_custom_header_template":"","ocean_custom_logo":0,"ocean_custom_retina_logo":0,"ocean_custom_logo_max_width":0,"ocean_custom_logo_tablet_max_width":0,"ocean_custom_logo_mobile_max_width":0,"ocean_custom_logo_max_height":0,"ocean_custom_logo_tablet_max_height":0,"ocean_custom_logo_mobile_max_height":0,"ocean_header_custom_menu":"","ocean_menu_typo_font_family":"","ocean_menu_typo_font_subset":"","ocean_menu_typo_font_size":0,"ocean_menu_typo_font_size_tablet":0,"ocean_menu_typo_font_size_mobile":0,"ocean_menu_typo_font_size_unit":"px","ocean_menu_typo_font_weight":"","ocean_menu_typo_font_weight_tablet":"","ocean_menu_typo_font_weight_mobile":"","ocean_menu_typo_transform":"","ocean_menu_typo_transform_tablet":"","ocean_menu_typo_transform_mobile":"","ocean_menu_typo_line_height":0,"ocean_menu_typo_line_height_tablet":0,"ocean_menu_typo_line_height_mobile":0,"ocean_menu_typo_line_height_unit":"","ocean_menu_typo_spacing":0,"ocean_menu_typo_spacing_tablet":0,"ocean_menu_typo_spacing_mobile":0,"ocean_menu_typo_spacing_unit":"","ocean_menu_link_color":"","ocean_menu_link_color_hover":"","ocean_menu_link_color_active":"","ocean_menu_link_background":"","ocean_menu_link_hover_background":"","ocean_menu_link_active_background":"","ocean_menu_social_links_bg":"","ocean_menu_social_hover_links_bg":"","ocean_menu_social_links_color":"","ocean_menu_social_hover_links_color":"","ocean_disable_title":"default","ocean_disable_heading":"default","ocean_post_title":"","ocean_post_subheading":"","ocean_post_title_style":"background-image","ocean_post_title_background_color":"","ocean_post_title_background":7471,"ocean_post_title_bg_image_position":"","ocean_post_title_bg_image_attachment":"","ocean_post_title_bg_image_repeat":"","ocean_post_title_bg_image_size":"","ocean_post_title_height":0,"ocean_post_title_bg_overlay":0.5,"ocean_post_title_bg_overlay_color":"","ocean_disable_breadcrumbs":"default","ocean_breadcrumbs_color":"","ocean_breadcrumbs_separator_color":"","ocean_breadcrumbs_links_color":"","ocean_breadcrumbs_links_hover_color":"","ocean_display_footer_widgets":"default","ocean_display_footer_bottom":"default","ocean_custom_footer_template":"","footnotes":""},"class_list":["post-221","page","type-page","status-publish","hentry","entry"],"yoast_head":"<!-- This site is optimized with the Yoast SEO plugin v27.5 - https:\/\/yoast.com\/product\/yoast-seo-wordpress\/ -->\n<title>Politique de confidentialit\u00e9 - Objectif Image 95<\/title>\n<meta name=\"robots\" content=\"index, follow, max-snippet:-1, max-image-preview:large, max-video-preview:-1\" \/>\n<link rel=\"canonical\" href=\"https:\/\/www.objectifimage-95.fr\/index.php\/politique-de-confidentialite\/\" \/>\n<meta property=\"og:locale\" content=\"fr_FR\" \/>\n<meta property=\"og:type\" content=\"article\" \/>\n<meta property=\"og:title\" content=\"Politique de confidentialit\u00e9 - Objectif Image 95\" \/>\n<meta property=\"og:description\" content=\"Politique de Confidentialit\u00e9 Collecte des Donn\u00e9es Personnelles Nous collectons certaines donn\u00e9es personnelles lors de : L&rsquo;inscription \u00e0 notre newsletter L&rsquo;envoi de messages via notre formulaire de contact L&rsquo;adh\u00e9sion au club Les donn\u00e9es collect\u00e9es sont : nom, pr\u00e9nom, adresse e-mail, num\u00e9ro de t\u00e9l\u00e9phone, adresse postale en cas de passation de commande dans le cadre des spectacles [&hellip;]\" \/>\n<meta property=\"og:url\" content=\"https:\/\/www.objectifimage-95.fr\/index.php\/politique-de-confidentialite\/\" \/>\n<meta property=\"og:site_name\" content=\"Objectif Image 95\" \/>\n<meta property=\"article:modified_time\" content=\"2025-03-06T13:25:35+00:00\" \/>\n<meta name=\"twitter:card\" content=\"summary_large_image\" \/>\n<meta name=\"twitter:label1\" content=\"Dur\u00e9e de lecture estim\u00e9e\" \/>\n\t<meta name=\"twitter:data1\" content=\"2 minutes\" \/>\n<script type=\"application\/ld+json\" class=\"yoast-schema-graph\">{\"@context\":\"https:\\\/\\\/schema.org\",\"@graph\":[{\"@type\":\"WebPage\",\"@id\":\"https:\\\/\\\/www.objectifimage-95.fr\\\/index.php\\\/politique-de-confidentialite\\\/\",\"url\":\"https:\\\/\\\/www.objectifimage-95.fr\\\/index.php\\\/politique-de-confidentialite\\\/\",\"name\":\"Politique de confidentialit\u00e9 - Objectif Image 95\",\"isPartOf\":{\"@id\":\"https:\\\/\\\/www.objectifimage-95.fr\\\/#website\"},\"datePublished\":\"2025-01-23T23:16:02+00:00\",\"dateModified\":\"2025-03-06T13:25:35+00:00\",\"breadcrumb\":{\"@id\":\"https:\\\/\\\/www.objectifimage-95.fr\\\/index.php\\\/politique-de-confidentialite\\\/#breadcrumb\"},\"inLanguage\":\"fr-FR\",\"potentialAction\":[{\"@type\":\"ReadAction\",\"target\":[\"https:\\\/\\\/www.objectifimage-95.fr\\\/index.php\\\/politique-de-confidentialite\\\/\"]}]},{\"@type\":\"BreadcrumbList\",\"@id\":\"https:\\\/\\\/www.objectifimage-95.fr\\\/index.php\\\/politique-de-confidentialite\\\/#breadcrumb\",\"itemListElement\":[{\"@type\":\"ListItem\",\"position\":1,\"name\":\"Accueil\",\"item\":\"https:\\\/\\\/www.objectifimage-95.fr\\\/\"},{\"@type\":\"ListItem\",\"position\":2,\"name\":\"Politique de confidentialit\u00e9\"}]},{\"@type\":\"WebSite\",\"@id\":\"https:\\\/\\\/www.objectifimage-95.fr\\\/#website\",\"url\":\"https:\\\/\\\/www.objectifimage-95.fr\\\/\",\"name\":\"Objectif Image-95\",\"description\":\"Photo club de Soisy-sous-Montmorency\",\"publisher\":{\"@id\":\"https:\\\/\\\/www.objectifimage-95.fr\\\/#organization\"},\"potentialAction\":[{\"@type\":\"SearchAction\",\"target\":{\"@type\":\"EntryPoint\",\"urlTemplate\":\"https:\\\/\\\/www.objectifimage-95.fr\\\/?s={search_term_string}\"},\"query-input\":{\"@type\":\"PropertyValueSpecification\",\"valueRequired\":true,\"valueName\":\"search_term_string\"}}],\"inLanguage\":\"fr-FR\"},{\"@type\":\"Organization\",\"@id\":\"https:\\\/\\\/www.objectifimage-95.fr\\\/#organization\",\"name\":\"Objectif Image-95\",\"url\":\"https:\\\/\\\/www.objectifimage-95.fr\\\/\",\"logo\":{\"@type\":\"ImageObject\",\"inLanguage\":\"fr-FR\",\"@id\":\"https:\\\/\\\/www.objectifimage-95.fr\\\/#\\\/schema\\\/logo\\\/image\\\/\",\"url\":\"https:\\\/\\\/www.objectifimage-95.fr\\\/wp-content\\\/uploads\\\/2025\\\/01\\\/Logo-520px.png\",\"contentUrl\":\"https:\\\/\\\/www.objectifimage-95.fr\\\/wp-content\\\/uploads\\\/2025\\\/01\\\/Logo-520px.png\",\"width\":520,\"height\":343,\"caption\":\"Objectif Image-95\"},\"image\":{\"@id\":\"https:\\\/\\\/www.objectifimage-95.fr\\\/#\\\/schema\\\/logo\\\/image\\\/\"}}]}<\/script>\n<!-- \/ Yoast SEO plugin. -->","yoast_head_json":{"title":"Politique de confidentialit\u00e9 - Objectif Image 95","robots":{"index":"index","follow":"follow","max-snippet":"max-snippet:-1","max-image-preview":"max-image-preview:large","max-video-preview":"max-video-preview:-1"},"canonical":"https:\/\/www.objectifimage-95.fr\/index.php\/politique-de-confidentialite\/","og_locale":"fr_FR","og_type":"article","og_title":"Politique de confidentialit\u00e9 - Objectif Image 95","og_description":"Politique de Confidentialit\u00e9 Collecte des Donn\u00e9es Personnelles Nous collectons certaines donn\u00e9es personnelles lors de : L&rsquo;inscription \u00e0 notre newsletter L&rsquo;envoi de messages via notre formulaire de contact L&rsquo;adh\u00e9sion au club Les donn\u00e9es collect\u00e9es sont : nom, pr\u00e9nom, adresse e-mail, num\u00e9ro de t\u00e9l\u00e9phone, adresse postale en cas de passation de commande dans le cadre des spectacles [&hellip;]","og_url":"https:\/\/www.objectifimage-95.fr\/index.php\/politique-de-confidentialite\/","og_site_name":"Objectif Image 95","article_modified_time":"2025-03-06T13:25:35+00:00","twitter_card":"summary_large_image","twitter_misc":{"Dur\u00e9e de lecture estim\u00e9e":"2 minutes"},"schema":{"@context":"https:\/\/schema.org","@graph":[{"@type":"WebPage","@id":"https:\/\/www.objectifimage-95.fr\/index.php\/politique-de-confidentialite\/","url":"https:\/\/www.objectifimage-95.fr\/index.php\/politique-de-confidentialite\/","name":"Politique de confidentialit\u00e9 - Objectif Image 95","isPartOf":{"@id":"https:\/\/www.objectifimage-95.fr\/#website"},"datePublished":"2025-01-23T23:16:02+00:00","dateModified":"2025-03-06T13:25:35+00:00","breadcrumb":{"@id":"https:\/\/www.objectifimage-95.fr\/index.php\/politique-de-confidentialite\/#breadcrumb"},"inLanguage":"fr-FR","potentialAction":[{"@type":"ReadAction","target":["https:\/\/www.objectifimage-95.fr\/index.php\/politique-de-confidentialite\/"]}]},{"@type":"BreadcrumbList","@id":"https:\/\/www.objectifimage-95.fr\/index.php\/politique-de-confidentialite\/#breadcrumb","itemListElement":[{"@type":"ListItem","position":1,"name":"Accueil","item":"https:\/\/www.objectifimage-95.fr\/"},{"@type":"ListItem","position":2,"name":"Politique de confidentialit\u00e9"}]},{"@type":"WebSite","@id":"https:\/\/www.objectifimage-95.fr\/#website","url":"https:\/\/www.objectifimage-95.fr\/","name":"Objectif Image-95","description":"Photo club de Soisy-sous-Montmorency","publisher":{"@id":"https:\/\/www.objectifimage-95.fr\/#organization"},"potentialAction":[{"@type":"SearchAction","target":{"@type":"EntryPoint","urlTemplate":"https:\/\/www.objectifimage-95.fr\/?s={search_term_string}"},"query-input":{"@type":"PropertyValueSpecification","valueRequired":true,"valueName":"search_term_string"}}],"inLanguage":"fr-FR"},{"@type":"Organization","@id":"https:\/\/www.objectifimage-95.fr\/#organization","name":"Objectif Image-95","url":"https:\/\/www.objectifimage-95.fr\/","logo":{"@type":"ImageObject","inLanguage":"fr-FR","@id":"https:\/\/www.objectifimage-95.fr\/#\/schema\/logo\/image\/","url":"https:\/\/www.objectifimage-95.fr\/wp-content\/uploads\/2025\/01\/Logo-520px.png","contentUrl":"https:\/\/www.objectifimage-95.fr\/wp-content\/uploads\/2025\/01\/Logo-520px.png","width":520,"height":343,"caption":"Objectif Image-95"},"image":{"@id":"https:\/\/www.objectifimage-95.fr\/#\/schema\/logo\/image\/"}}]}},"jetpack_sharing_enabled":true,"_links":{"self":[{"href":"https:\/\/www.objectifimage-95.fr\/index.php\/wp-json\/wp\/v2\/pages\/221","targetHints":{"allow":["GET"]}}],"collection":[{"href":"https:\/\/www.objectifimage-95.fr\/index.php\/wp-json\/wp\/v2\/pages"}],"about":[{"href":"https:\/\/www.objectifimage-95.fr\/index.php\/wp-json\/wp\/v2\/types\/page"}],"author":[{"embeddable":true,"href":"https:\/\/www.objectifimage-95.fr\/index.php\/wp-json\/wp\/v2\/users\/1"}],"replies":[{"embeddable":true,"href":"https:\/\/www.objectifimage-95.fr\/index.php\/wp-json\/wp\/v2\/comments?post=221"}],"version-history":[{"count":19,"href":"https:\/\/www.objectifimage-95.fr\/index.php\/wp-json\/wp\/v2\/pages\/221\/revisions"}],"predecessor-version":[{"id":9182,"href":"https:\/\/www.objectifimage-95.fr\/index.php\/wp-json\/wp\/v2\/pages\/221\/revisions\/9182"}],"wp:attachment":[{"href":"https:\/\/www.objectifimage-95.fr\/index.php\/wp-json\/wp\/v2\/media?parent=221"}],"curies":[{"name":"wp","href":"https:\/\/api.w.org\/{rel}","templated":true}]}}